{"id":114,"date":"2025-06-05T13:37:04","date_gmt":"2025-06-05T11:37:04","guid":{"rendered":"http:\/\/170.210.81.163\/pei\/?page_id=114"},"modified":"2025-06-05T13:37:04","modified_gmt":"2025-06-05T11:37:04","slug":"objetivos-acciones-e-indicadores","status":"publish","type":"page","link":"https:\/\/pei.uncoma.edu.ar\/index.php\/objetivos-acciones-e-indicadores\/","title":{"rendered":"Objetivos, acciones e indicadores"},"content":{"rendered":"<p>Los objetivos, acciones e indicadores que correspondan a cada l\u00ednea estrat\u00e9gica se construir\u00e1n colectivamente en instancias abiertas a toda la comunidad universitaria.<\/p>\n<p>Se realizan reuniones h\u00edbridas por l\u00ednea en el que se convocar\u00e1n a los actores principales de la universidad involucrados\/as en esas tem\u00e1ticas, pero tambi\u00e9n a personas y organizaciones del medio cuando se considere relevante.<\/p>\n<p>Pr\u00f3ximamente subiremos el cronograma de reuniones.<\/p>\n","protected":false},"excerpt":{"rendered":"<p>Los objetivos, acciones e indicadores que correspondan a cada l\u00ednea estrat\u00e9gica se construir\u00e1n colectivamente en instancias abiertas a toda la comunidad universitaria. Se realizan reuniones h\u00edbridas por l\u00ednea en el que se convocar\u00e1n a los actores principales de la universidad involucrados\/as en esas tem\u00e1ticas, pero tambi\u00e9n a personas y organizaciones del medio cuando se considere [&hellip;]<\/p>\n","protected":false},"author":1,"featured_media":0,"parent":0,"menu_order":0,"comment_status":"closed","ping_status":"closed","template":"","meta":{"footnotes":""},"class_list":["post-114","page","type-page","status-publish","hentry"],"_links":{"self":[{"href":"https:\/\/pei.uncoma.edu.ar\/index.php\/wp-json\/wp\/v2\/pages\/114","targetHints":{"allow":["GET"]}}],"collection":[{"href":"https:\/\/pei.uncoma.edu.ar\/index.php\/wp-json\/wp\/v2\/pages"}],"about":[{"href":"https:\/\/pei.uncoma.edu.ar\/index.php\/wp-json\/wp\/v2\/types\/page"}],"author":[{"embeddable":true,"href":"https:\/\/pei.uncoma.edu.ar\/index.php\/wp-json\/wp\/v2\/users\/1"}],"replies":[{"embeddable":true,"href":"https:\/\/pei.uncoma.edu.ar\/index.php\/wp-json\/wp\/v2\/comments?post=114"}],"version-history":[{"count":1,"href":"https:\/\/pei.uncoma.edu.ar\/index.php\/wp-json\/wp\/v2\/pages\/114\/revisions"}],"predecessor-version":[{"id":115,"href":"https:\/\/pei.uncoma.edu.ar\/index.php\/wp-json\/wp\/v2\/pages\/114\/revisions\/115"}],"wp:attachment":[{"href":"https:\/\/pei.uncoma.edu.ar\/index.php\/wp-json\/wp\/v2\/media?parent=114"}],"curies":[{"name":"wp","href":"https:\/\/api.w.org\/{rel}","templated":true}]}}