{"id":233,"date":"2025-08-04T08:26:12","date_gmt":"2025-08-04T11:26:12","guid":{"rendered":"http:\/\/170.210.81.163\/pei\/?page_id=233"},"modified":"2026-02-26T12:25:17","modified_gmt":"2026-02-26T15:25:17","slug":"documentos-de-interes","status":"publish","type":"page","link":"https:\/\/pei.uncoma.edu.ar\/index.php\/documentos-de-interes\/","title":{"rendered":"Documentos de inter\u00e9s"},"content":{"rendered":"<h4>Antecedentes<\/h4>\n<p style=\"text-align: left;\"><strong>2024<\/strong> Estatuto de la Universidad Nacional del Comahue (<a href=\"https:\/\/pei.uncoma.edu.ar\/wp-content\/uploads\/2025\/08\/ord_832_2025_55.pdf\" target=\"_blank\" rel=\"noopener\">descargar el PDF de la Ordenanza CS 832\/2025<\/a>)<\/p>\n<p><strong>2023<\/strong> Evaluaci\u00f3n externa (<a href=\"https:\/\/global.coneau.gob.ar\/coneauglobal\/publico\/buscadores\/evaluacion\/\" target=\"_blank\" rel=\"noopener\">acceder al buscador de informes de CONEAU para acceder al de la UNCo<\/a>)<\/p>\n<p><strong>2020-2021<\/strong> Autoevaluaci\u00f3n institucional (<a href=\"http:\/\/autoevaluacion.uncoma.edu.ar\/wp-content\/uploads\/2021\/06\/UNCo_informe-de-autoevaluacion_20_21.pdf\" target=\"_blank\" rel=\"noopener\">descargar el PDF de la Autoevaluaci\u00f3n Institucional<\/a>)<\/p>\n<p><strong>2016<\/strong> Plan de Desarrollo Institucional (<a href=\"http:\/\/planeamiento.uncoma.edu.ar\/wp-content\/uploads\/2020\/05\/PDI-Documento-I_compressed.pdf\" target=\"_blank\" rel=\"noopener\">descargar el PDF con el PDI<\/a>)<\/p>\n<p>&nbsp;<\/p>\n<p><strong>S\u00edntesis estad\u00edsticas<\/strong> de la UNCo (descargar el PDF de la <a href=\"http:\/\/planeamiento.uncoma.edu.ar\/wp-content\/uploads\/2022\/12\/SINTESIS-ESTADISTICA-UNCo-2022.pdf\" target=\"_blank\" rel=\"noopener\">S\u00edntesis 2022<\/a>, <a href=\"http:\/\/planeamiento.uncoma.edu.ar\/wp-content\/uploads\/2024\/02\/SINTESIS-ESTADISTICA-UNCo-2023-c.pdf\" target=\"_blank\" rel=\"noopener\">S\u00edntesis 2023<\/a> y <a href=\"https:\/\/planeamiento.uncoma.edu.ar\/wp-content\/uploads\/2025\/03\/UNCo-SINTESIS-ESTADISTICA-2024.pdf\" target=\"_blank\" rel=\"noopener\">S\u00edntesis 2024<\/a>)<\/p>\n<p>&nbsp;<\/p>\n<p><strong>Relevamiento institucional COVID-19<\/strong> (<a href=\"https:\/\/planeamiento.uncoma.edu.ar\/index.php\/informacion-y-estadisticas\/relevamiento-institucional\/\" target=\"_blank\" rel=\"noopener\">acceder a la p\u00e1gina de la Secretar\u00eda de Planeamiento y Desarrollo Institucional<\/a>) y la informaci\u00f3n sobre cursados 2018-2021 (<a href=\"https:\/\/planeamiento.uncoma.edu.ar\/index.php\/informacion-y-estadisticas\/informacion-sobre-cursados-2018-2021-una-aproximacion-a-pensar-el-impacto-de-la-pandemia-en-las-actividades-academicas-parte-i\/\" target=\"_blank\" rel=\"noopener\">descargar el PDF con el Informe<\/a>).<\/p>\n<p>&nbsp;<\/p>\n<p><strong>Acreditaciones de carreras<\/strong> de grado (<a href=\"https:\/\/academica.uncoma.edu.ar\/index.php\/acreditaciones-carreras-uncoma\/\" target=\"_blank\" rel=\"noopener\">acceder a la p\u00e1gina de la Secretar\u00eda Acad\u00e9mica<\/a>) y de posgrado (<a href=\"https:\/\/posgrado.uncoma.edu.ar\/?page_id=1391\" target=\"_blank\" rel=\"noopener\">acceder a la p\u00e1gina de la Direcci\u00f3n de Posgrado<\/a>).<\/p>\n","protected":false},"excerpt":{"rendered":"<p>Antecedentes 2024 Estatuto de la Universidad Nacional del Comahue (descargar el PDF de la Ordenanza CS 832\/2025) 2023 Evaluaci\u00f3n externa (acceder al buscador de informes de CONEAU para acceder al de la UNCo) 2020-2021 Autoevaluaci\u00f3n institucional (descargar el PDF de la Autoevaluaci\u00f3n Institucional) 2016 Plan de Desarrollo Institucional (descargar el PDF con el PDI) &nbsp; [&hellip;]<\/p>\n","protected":false},"author":1,"featured_media":0,"parent":0,"menu_order":0,"comment_status":"closed","ping_status":"closed","template":"","meta":{"footnotes":""},"class_list":["post-233","page","type-page","status-publish","hentry"],"_links":{"self":[{"href":"https:\/\/pei.uncoma.edu.ar\/index.php\/wp-json\/wp\/v2\/pages\/233","targetHints":{"allow":["GET"]}}],"collection":[{"href":"https:\/\/pei.uncoma.edu.ar\/index.php\/wp-json\/wp\/v2\/pages"}],"about":[{"href":"https:\/\/pei.uncoma.edu.ar\/index.php\/wp-json\/wp\/v2\/types\/page"}],"author":[{"embeddable":true,"href":"https:\/\/pei.uncoma.edu.ar\/index.php\/wp-json\/wp\/v2\/users\/1"}],"replies":[{"embeddable":true,"href":"https:\/\/pei.uncoma.edu.ar\/index.php\/wp-json\/wp\/v2\/comments?post=233"}],"version-history":[{"count":23,"href":"https:\/\/pei.uncoma.edu.ar\/index.php\/wp-json\/wp\/v2\/pages\/233\/revisions"}],"predecessor-version":[{"id":394,"href":"https:\/\/pei.uncoma.edu.ar\/index.php\/wp-json\/wp\/v2\/pages\/233\/revisions\/394"}],"wp:attachment":[{"href":"https:\/\/pei.uncoma.edu.ar\/index.php\/wp-json\/wp\/v2\/media?parent=233"}],"curies":[{"name":"wp","href":"https:\/\/api.w.org\/{rel}","templated":true}]}}